{"id":41,"date":"2017-01-07T11:46:21","date_gmt":"2017-01-07T11:46:21","guid":{"rendered":"http:\/\/wordpress.abschalten-auf-borkum.de\/?page_id=41"},"modified":"2017-01-07T11:46:21","modified_gmt":"2017-01-07T11:46:21","slug":"lage","status":"publish","type":"page","link":"http:\/\/abschalten-auf-borkum.de\/?page_id=41","title":{"rendered":"Lage"},"content":{"rendered":"<p>Das\u00a0<b><i>Haus R\u00fcgen<\/i><\/b>\u00a0liegt einen Steinwurf vom Alten Leuchtturm und somit von Altborkum entfernt. Dort k\u00f6nnen Sie das herrliche Flair des Ortes mit seinen alten H\u00e4usern, einladenden Gastst\u00e4tten und Gesch\u00e4ften genie\u00dfen. Gehen Sie aber in die andere Richtung, sind Sie in der gleichen Zeit inmitten der sch\u00f6nen Inselnatur, welche zum Wandern und Bewundern einl\u00e4dt. Selbstverst\u00e4ndlich ist auch der Hauptstrand mit seiner Seehundsandbank und den sch\u00f6nen Lokalen fu\u00dfl\u00e4ufig in ca. 10 Minuten zu erreichen.<\/p>\n<p><img decoding=\"async\" loading=\"lazy\" class=\"alignnone  wp-image-47\" src=\"http:\/\/wordpress.abschalten-auf-borkum.de\/wp-content\/uploads\/2017\/01\/borkum5-300x106.jpg\" alt=\"borkum5\" width=\"1050\" height=\"371\" srcset=\"http:\/\/abschalten-auf-borkum.de\/wp-content\/uploads\/2017\/01\/borkum5-300x106.jpg 300w, http:\/\/abschalten-auf-borkum.de\/wp-content\/uploads\/2017\/01\/borkum5-676x238.jpg 676w, http:\/\/abschalten-auf-borkum.de\/wp-content\/uploads\/2017\/01\/borkum5.jpg 760w\" sizes=\"(max-width: 1050px) 100vw, 1050px\" \/><\/p>\n<p>\u00dcbrigens, Sie k\u00f6nnen auch mit Ihrem Auto bis vor die T\u00fcre fahren und den Wagen dort parken.<\/p>\n<p><img decoding=\"async\" loading=\"lazy\" class=\"alignnone  wp-image-48\" src=\"http:\/\/wordpress.abschalten-auf-borkum.de\/wp-content\/uploads\/2017\/01\/borkum7-300x81.jpg\" alt=\"borkum7\" width=\"1052\" height=\"284\" srcset=\"http:\/\/abschalten-auf-borkum.de\/wp-content\/uploads\/2017\/01\/borkum7-300x81.jpg 300w, http:\/\/abschalten-auf-borkum.de\/wp-content\/uploads\/2017\/01\/borkum7-676x182.jpg 676w, http:\/\/abschalten-auf-borkum.de\/wp-content\/uploads\/2017\/01\/borkum7.jpg 760w\" sizes=\"(max-width: 1052px) 100vw, 1052px\" \/><\/p>\n<p>&nbsp;<\/p>\n","protected":false},"excerpt":{"rendered":"<p>Das\u00a0Haus R\u00fcgen\u00a0liegt einen Steinwurf vom Alten Leuchtturm und somit von Altborkum entfernt. Dort k\u00f6nnen Sie das herrliche Flair des Ortes mit seinen alten H\u00e4usern, einladenden Gastst\u00e4tten und Gesch\u00e4ften genie\u00dfen. Gehen Sie aber in die andere Richtung, sind Sie in der gleichen Zeit inmitten der sch\u00f6nen Inselnatur, welche zum Wandern und&hellip;<\/p>\n<p class=\"more-link-wrapper\"><a class=\"more-link\" href=\"http:\/\/abschalten-auf-borkum.de\/?page_id=41\">Read More<\/a><\/p>\n","protected":false},"author":1,"featured_media":0,"parent":0,"menu_order":0,"comment_status":"closed","ping_status":"closed","template":"template-fullwidth.php","meta":[],"_links":{"self":[{"href":"http:\/\/abschalten-auf-borkum.de\/index.php?rest_route=\/wp\/v2\/pages\/41"}],"collection":[{"href":"http:\/\/abschalten-auf-borkum.de\/index.php?rest_route=\/wp\/v2\/pages"}],"about":[{"href":"http:\/\/abschalten-auf-borkum.de\/index.php?rest_route=\/wp\/v2\/types\/page"}],"author":[{"embeddable":true,"href":"http:\/\/abschalten-auf-borkum.de\/index.php?rest_route=\/wp\/v2\/users\/1"}],"replies":[{"embeddable":true,"href":"http:\/\/abschalten-auf-borkum.de\/index.php?rest_route=%2Fwp%2Fv2%2Fcomments&post=41"}],"version-history":[{"count":3,"href":"http:\/\/abschalten-auf-borkum.de\/index.php?rest_route=\/wp\/v2\/pages\/41\/revisions"}],"predecessor-version":[{"id":51,"href":"http:\/\/abschalten-auf-borkum.de\/index.php?rest_route=\/wp\/v2\/pages\/41\/revisions\/51"}],"wp:attachment":[{"href":"http:\/\/abschalten-auf-borkum.de\/index.php?rest_route=%2Fwp%2Fv2%2Fmedia&parent=41"}],"curies":[{"name":"wp","href":"https:\/\/api.w.org\/{rel}","templated":true}]}}